{"id":25,"date":"2017-06-24T13:18:09","date_gmt":"2017-06-24T13:18:09","guid":{"rendered":"http:\/\/smarten.spdns.de\/?page_id=25"},"modified":"2017-06-24T13:18:09","modified_gmt":"2017-06-24T13:18:09","slug":"tsuro","status":"publish","type":"page","link":"https:\/\/smarten.spdns.de\/?page_id=25","title":{"rendered":"Tsuro"},"content":{"rendered":"<p><img loading=\"lazy\" decoding=\"async\" class=\"size-full wp-image-75 aligncenter\" src=\"http:\/\/smarten.spdns.de\/wp-content\/uploads\/2017\/06\/tsuroLogo-1.png\" alt=\"\" width=\"1127\" height=\"238\" srcset=\"https:\/\/smarten.spdns.de\/wp-content\/uploads\/2017\/06\/tsuroLogo-1.png 1127w, https:\/\/smarten.spdns.de\/wp-content\/uploads\/2017\/06\/tsuroLogo-1-300x63.png 300w, https:\/\/smarten.spdns.de\/wp-content\/uploads\/2017\/06\/tsuroLogo-1-1024x216.png 1024w, https:\/\/smarten.spdns.de\/wp-content\/uploads\/2017\/06\/tsuroLogo-1-768x162.png 768w\" sizes=\"auto, (max-width: 1127px) 100vw, 1127px\" \/><\/p>\n<p>Tsuro ist ein auf Sternchen basierendes Brettspiel, dass von Tom McMurchie designed und von WizKids ver\u00f6ffentlicht wurde. In der Originalen Version k\u00f6nnen 2-8 Spieler gleichzeitig spielen.<\/p>\n<p>Bei Tsuro legen die Spieler nacheinander Wegepl\u00e4ttchen auf das Spielfeld und ziehen damit ihre und gegnerische Spielfiguren weiter. Ziel des Spiels ist es, andere Spieler vom Spielfeld runter zu bef\u00f6rdern w\u00e4hrend man selber drauf bleibt.<\/p>\n","protected":false},"excerpt":{"rendered":"<p>Tsuro ist ein auf Sternchen basierendes Brettspiel, dass von Tom McMurchie designed und von WizKids ver\u00f6ffentlicht wurde. In der Originalen Version k\u00f6nnen 2-8 Spieler gleichzeitig spielen. Bei Tsuro legen die Spieler nacheinander Wegepl\u00e4ttchen auf das Spielfeld und ziehen damit ihre und gegnerische Spielfiguren weiter. Ziel des Spiels ist es, andere Spieler vom Spielfeld runter zu &hellip; <a href=\"https:\/\/smarten.spdns.de\/?page_id=25\" class=\"more-link\">Continue reading <span class=\"screen-reader-text\">Tsuro<\/span> <span class=\"meta-nav\">&rarr;<\/span><\/a><\/p>\n","protected":false},"author":1,"featured_media":0,"parent":0,"menu_order":0,"comment_status":"closed","ping_status":"closed","template":"","meta":{"footnotes":""},"class_list":["post-25","page","type-page","status-publish","hentry"],"_links":{"self":[{"href":"https:\/\/smarten.spdns.de\/index.php?rest_route=\/wp\/v2\/pages\/25","targetHints":{"allow":["GET"]}}],"collection":[{"href":"https:\/\/smarten.spdns.de\/index.php?rest_route=\/wp\/v2\/pages"}],"about":[{"href":"https:\/\/smarten.spdns.de\/index.php?rest_route=\/wp\/v2\/types\/page"}],"author":[{"embeddable":true,"href":"https:\/\/smarten.spdns.de\/index.php?rest_route=\/wp\/v2\/users\/1"}],"replies":[{"embeddable":true,"href":"https:\/\/smarten.spdns.de\/index.php?rest_route=%2Fwp%2Fv2%2Fcomments&post=25"}],"version-history":[{"count":0,"href":"https:\/\/smarten.spdns.de\/index.php?rest_route=\/wp\/v2\/pages\/25\/revisions"}],"wp:attachment":[{"href":"https:\/\/smarten.spdns.de\/index.php?rest_route=%2Fwp%2Fv2%2Fmedia&parent=25"}],"curies":[{"name":"wp","href":"https:\/\/api.w.org\/{rel}","templated":true}]}}