{"id":133,"date":"2017-07-22T11:51:56","date_gmt":"2017-07-22T11:51:56","guid":{"rendered":"http:\/\/smarten.spdns.de\/?page_id=133"},"modified":"2017-07-22T11:51:56","modified_gmt":"2017-07-22T11:51:56","slug":"qualitatsgarantie","status":"publish","type":"page","link":"https:\/\/smarten.spdns.de\/?page_id=133","title":{"rendered":"Qualit\u00e4tsgarantie"},"content":{"rendered":"<p>Unser Name &#8216;<strong><span style=\"color: #993300;\">smar<\/span><span style=\"color: #ff6600;\">ten<\/span> <\/strong>&#8211; professional software development&#8217; steht f\u00fcr professionelle Software Entwicklung. Was zeichnet unsere Software aus? Die hervorragende Qualit\u00e4t ist f\u00fcr unsere Kunden wohl ein ausschlaggebender Faktor. Mithilfe der Mischung aus Reviews, explorativen Storytests, JUnit Regressionstests und regelm\u00e4\u00dfigen ausgef\u00fchrten, klar definierten manuellen GUI Tests, garantieren wir eine frustfreie Softwareumgebung mit fl\u00fcssigem Spielverlauf.<\/p>\n<p>Uns ist Ihr Spielgef\u00fchl so wichtig, das wenn Sie einen reproduzierbaren, von uns noch nicht gefundenen und auf dieser Seite ver\u00f6ffentlichten Bug melden, den Kaufpreis des Produktes zur\u00fcckbekommen!<\/p>\n","protected":false},"excerpt":{"rendered":"<p>Unser Name &#8216;smarten &#8211; professional software development&#8217; steht f\u00fcr professionelle Software Entwicklung. Was zeichnet unsere Software aus? Die hervorragende Qualit\u00e4t ist f\u00fcr unsere Kunden wohl ein ausschlaggebender Faktor. Mithilfe der Mischung aus Reviews, explorativen Storytests, JUnit Regressionstests und regelm\u00e4\u00dfigen ausgef\u00fchrten, klar definierten manuellen GUI Tests, garantieren wir eine frustfreie Softwareumgebung mit fl\u00fcssigem Spielverlauf. Uns ist &hellip; <a href=\"https:\/\/smarten.spdns.de\/?page_id=133\" class=\"more-link\">Continue reading <span class=\"screen-reader-text\">Qualit\u00e4tsgarantie<\/span> <span class=\"meta-nav\">&rarr;<\/span><\/a><\/p>\n","protected":false},"author":1,"featured_media":0,"parent":0,"menu_order":0,"comment_status":"closed","ping_status":"closed","template":"","meta":{"footnotes":""},"class_list":["post-133","page","type-page","status-publish","hentry"],"_links":{"self":[{"href":"https:\/\/smarten.spdns.de\/index.php?rest_route=\/wp\/v2\/pages\/133","targetHints":{"allow":["GET"]}}],"collection":[{"href":"https:\/\/smarten.spdns.de\/index.php?rest_route=\/wp\/v2\/pages"}],"about":[{"href":"https:\/\/smarten.spdns.de\/index.php?rest_route=\/wp\/v2\/types\/page"}],"author":[{"embeddable":true,"href":"https:\/\/smarten.spdns.de\/index.php?rest_route=\/wp\/v2\/users\/1"}],"replies":[{"embeddable":true,"href":"https:\/\/smarten.spdns.de\/index.php?rest_route=%2Fwp%2Fv2%2Fcomments&post=133"}],"version-history":[{"count":0,"href":"https:\/\/smarten.spdns.de\/index.php?rest_route=\/wp\/v2\/pages\/133\/revisions"}],"wp:attachment":[{"href":"https:\/\/smarten.spdns.de\/index.php?rest_route=%2Fwp%2Fv2%2Fmedia&parent=133"}],"curies":[{"name":"wp","href":"https:\/\/api.w.org\/{rel}","templated":true}]}}